{"id":75,"date":"2020-10-26T11:24:57","date_gmt":"2020-10-26T10:24:57","guid":{"rendered":"https:\/\/choristes.choralecanzonette.fr\/?page_id=75"},"modified":"2023-12-14T09:27:46","modified_gmt":"2023-12-14T08:27:46","slug":"vous-abonner","status":"publish","type":"page","link":"https:\/\/choristes.choralecanzonette.fr\/?page_id=75","title":{"rendered":"Vous abonner"},"content":{"rendered":"\n<div class=\"wp-block-image\"><figure class=\"alignright size-medium\"><img decoding=\"async\" src=\"https:\/\/choralecanzonette.fr\/wp-content\/uploads\/2020\/10\/capelli-300x225.jpeg\" alt=\"\" class=\"wp-image-1903\"\/><\/figure><\/div>\n\n\n\n<p>D\u00e9sol\u00e9. Cet espace est r\u00e9serv\u00e9 aux choristes.<\/p>\n\n\n\n<p>Merci de <a href=\"https:\/\/choralecanzonette.fr\/contact\/\">contacter Paola Niggi<\/a> pour toute information concernant la chorale Sono Solo Canzonette.<\/p>\n\n\n\n<p>Merci.<\/p>\n","protected":false},"excerpt":{"rendered":"<p>D\u00e9sol\u00e9. Cet espace est r\u00e9serv\u00e9 aux choristes. Merci de contacter Paola Niggi pour toute information concernant la chorale Sono Solo Canzonette. Merci.<\/p>\n","protected":false},"author":11,"featured_media":0,"parent":0,"menu_order":0,"comment_status":"closed","ping_status":"closed","template":"template-nosidebar.php","meta":{"footnotes":""},"class_list":["post-75","page","type-page","status-publish","hentry","post-preview"],"_links":{"self":[{"href":"https:\/\/choristes.choralecanzonette.fr\/index.php?rest_route=\/wp\/v2\/pages\/75","targetHints":{"allow":["GET"]}}],"collection":[{"href":"https:\/\/choristes.choralecanzonette.fr\/index.php?rest_route=\/wp\/v2\/pages"}],"about":[{"href":"https:\/\/choristes.choralecanzonette.fr\/index.php?rest_route=\/wp\/v2\/types\/page"}],"author":[{"embeddable":true,"href":"https:\/\/choristes.choralecanzonette.fr\/index.php?rest_route=\/wp\/v2\/users\/11"}],"replies":[{"embeddable":true,"href":"https:\/\/choristes.choralecanzonette.fr\/index.php?rest_route=%2Fwp%2Fv2%2Fcomments&post=75"}],"version-history":[{"count":3,"href":"https:\/\/choristes.choralecanzonette.fr\/index.php?rest_route=\/wp\/v2\/pages\/75\/revisions"}],"predecessor-version":[{"id":92,"href":"https:\/\/choristes.choralecanzonette.fr\/index.php?rest_route=\/wp\/v2\/pages\/75\/revisions\/92"}],"wp:attachment":[{"href":"https:\/\/choristes.choralecanzonette.fr\/index.php?rest_route=%2Fwp%2Fv2%2Fmedia&parent=75"}],"curies":[{"name":"wp","href":"https:\/\/api.w.org\/{rel}","templated":true}]}}